{"id":238,"date":"2023-05-17T11:56:08","date_gmt":"2023-05-17T11:56:08","guid":{"rendered":"https:\/\/www.crazy-elephant.org\/?page_id=238"},"modified":"2023-12-17T16:49:05","modified_gmt":"2023-12-17T16:49:05","slug":"ueber-uns","status":"publish","type":"page","link":"https:\/\/www.crazy-elephant.org\/index.php\/ueber-uns\/","title":{"rendered":"\u00dcber uns"},"content":{"rendered":"\n<p>Im Juli 2013 aus einer Crazy-Laune mit 27 Gr\u00fcndungsmitgliedern gegr\u00fcndet, haben wir derzeit ca. 150 verr\u00fcckte Crazy People, die den Verein am Leben halten \ud83d\ude42<\/p>\n\n\n\n<p>Diese Seite ist f\u00fcr alle feierw\u00fctigen Anh\u00e4nger des guten alten Crazy Elephant \/ Kunstkneipe in der Maxstrasse in Bayreuth, die sich die Erhaltung des Liedgutes aus unserer Kultdisco auf die Fahne geschrieben haben.<\/p>\n\n\n\n<p>Die ersten Veranstaltungen haben gezeigt, dass es durchaus sehr viele Leute gibt, die gerne in den alten Zeiten schwelgen und sich bei guter Mucke zum Abtanzen treffen wollen.<\/p>\n\n\n\n<p>Also Leute: weiter so! Lasst uns zwei bis drei Mal im Jahr ordentlich zusammen feiern, um zahlreiche alte Bekannte aus einer f\u00fcr uns pr\u00e4genden Zeit wieder zu sehen.<\/p>\n\n\n\n<p>Wir drehen einfach die Zeit wieder zur\u00fcck und feiern mit den original DJ&#8217;s und deren Musik von damals&#8230;.ohne Schnick-Schnack, ganz so wie es im Crazy halt war&#8230;.<\/p>\n\n\n\n<p class=\"has-medium-font-size\"><strong>80er &amp; 90er<\/strong> Disco &#8211; Rap &#8211; R&amp;B &#8211; Funk &#8211; Soul &#8211; Italo &#8211; Rock &#8211; Pop -Indie<\/p>\n\n\n\n<p><strong>P.S.: Vereinsmitglieder kommen in den Genuss zahlreicher interner Specials \ud83d\ude09 Also auf geht&#8217;s: werde Mitglied bei uns&#8230;.<\/strong><\/p>\n\n\n\n<div style=\"height:20px\" aria-hidden=\"true\" class=\"wp-block-spacer\"><\/div>\n\n\n\n<div class=\"wp-block-buttons is-content-justification-center is-layout-flex wp-container-core-buttons-is-layout-16018d1d wp-block-buttons-is-layout-flex\">\n<div class=\"wp-block-button is-style-fill\"><a class=\"wp-block-button__link has-white-color has-vivid-red-background-color has-text-color has-background wp-element-button\" href=\"http:\/\/www.crazy-elephant.org\/wp-content\/uploads\/2023\/12\/Mitgliedsantrag-Crazy-Elephant-eV-neu-2024-ausfuellbar.pdf\" target=\"_blank\" rel=\"noreferrer noopener\">Mitgliedsantrag ansehen<\/a><\/div>\n<\/div>\n","protected":false},"excerpt":{"rendered":"<p>Im Juli 2013 aus einer Crazy-Laune mit 27 Gr\u00fcndungsmitgliedern gegr\u00fcndet, haben wir derzeit ca. 150 verr\u00fcckte Crazy People, die den Verein am Leben halten \ud83d\ude42 Diese Seite ist f\u00fcr alle feierw\u00fctigen Anh\u00e4nger des guten alten Crazy Elephant \/ Kunstkneipe in der Maxstrasse in Bayreuth, die sich die Erhaltung des Liedgutes aus unserer Kultdisco auf die [&hellip;]<\/p>\n","protected":false},"author":8,"featured_media":0,"parent":0,"menu_order":0,"comment_status":"closed","ping_status":"closed","template":"templates\/template_page-full-width.php","meta":{"footnotes":""},"class_list":["post-238","page","type-page","status-publish","hentry"],"_links":{"self":[{"href":"https:\/\/www.crazy-elephant.org\/index.php\/wp-json\/wp\/v2\/pages\/238","targetHints":{"allow":["GET"]}}],"collection":[{"href":"https:\/\/www.crazy-elephant.org\/index.php\/wp-json\/wp\/v2\/pages"}],"about":[{"href":"https:\/\/www.crazy-elephant.org\/index.php\/wp-json\/wp\/v2\/types\/page"}],"author":[{"embeddable":true,"href":"https:\/\/www.crazy-elephant.org\/index.php\/wp-json\/wp\/v2\/users\/8"}],"replies":[{"embeddable":true,"href":"https:\/\/www.crazy-elephant.org\/index.php\/wp-json\/wp\/v2\/comments?post=238"}],"version-history":[{"count":21,"href":"https:\/\/www.crazy-elephant.org\/index.php\/wp-json\/wp\/v2\/pages\/238\/revisions"}],"predecessor-version":[{"id":623,"href":"https:\/\/www.crazy-elephant.org\/index.php\/wp-json\/wp\/v2\/pages\/238\/revisions\/623"}],"wp:attachment":[{"href":"https:\/\/www.crazy-elephant.org\/index.php\/wp-json\/wp\/v2\/media?parent=238"}],"curies":[{"name":"wp","href":"https:\/\/api.w.org\/{rel}","templated":true}]}}