{"id":173,"date":"2023-05-15T20:35:16","date_gmt":"2023-05-15T20:35:16","guid":{"rendered":"https:\/\/www.crazy-elephant.org\/?page_id=173"},"modified":"2023-05-30T20:23:14","modified_gmt":"2023-05-30T20:23:14","slug":"impressum","status":"publish","type":"page","link":"https:\/\/www.crazy-elephant.org\/index.php\/impressum\/","title":{"rendered":"Impressum"},"content":{"rendered":"\n<p><strong>Crazy Elephant e.V.<\/strong><\/p>\n\n\n\n<p>Stolzingstra\u00dfe 73<\/p>\n\n\n\n<p>95445 Bayreuth<\/p>\n\n\n\n<p>Registergericht Bayreuth: Crazy Elephant e.V.<\/p>\n\n\n\n<p>Sitz Bayreuth, VR200522<\/p>\n\n\n\n<p>Steuer-Nr. 208\/107\/40214<\/p>\n\n\n\n<p>Bankverbindung: IBAN DE22 7735 0110 0038 0902 21<\/p>\n\n\n\n<p>Email: <a href=\"mailto:crazy.elephant.ev@gmail.com\">crazy.elephant.ev@gmail.com<\/a><\/p>\n\n\n\n<p>Telefon: 0921-1503390<\/p>\n\n\n\n<p><strong>1. Vorsitzender<\/strong><\/p>\n\n\n\n<p>Alexander K\u00fcfner<\/p>\n\n\n\n<p><strong>2. Vorsitzender<\/strong><\/p>\n\n\n\n<p>Thomas H\u00fcbner<\/p>\n\n\n\n<p><strong>Kassier<\/strong><\/p>\n\n\n\n<p>Gernot Adelhardt<\/p>\n\n\n\n<p><strong>Schriftf\u00fchrerin<\/strong><\/p>\n\n\n\n<p>Alexandra Simon<\/p>\n\n\n\n<p><strong>Haftungsbeschr\u00e4nkung<\/strong><\/p>\n\n\n\n<p>Die Inhalte dieser Website werden mit gr\u00f6\u00dfter Sorgfalt erstellt. Der Anbieter \u00fcbernimmt jedoch keine Gew\u00e4hr f\u00fcr die Richtigkeit, Vollst\u00e4ndigkeit und Aktualit\u00e4t der bereitgestellten Inhalte. Die Nutzung der Inhalte der Website erfolgt auf eigene Gefahr des Nutzers.<\/p>\n\n\n\n<p>Namentlich gekennzeichnete Beitr\u00e4ge geben die jeweilige Meinung des Autors und nicht immer die Meinung des Anbieters wieder. Mit der reinen Nutzung der Website des Anbieters kommt keinerlei Vertragsverh\u00e4ltnis zwischen dem Nutzer und des Anbieters zustande.<\/p>\n\n\n\n<p><strong>Externe Links<\/strong><\/p>\n\n\n\n<p>Diese Website enth\u00e4lt Verkn\u00fcpfungen Dritter (Externe Links). Diese Websites unterliegen der Haftung der jeweiligen Betreiber. Der Anbieter hat bei der erstmaligen Verkn\u00fcpfung der externen Links die fremden Inhalte auf daraufhin gepr\u00fcft, ob etwaige Rechtsverst\u00f6\u00dfe bestehen. Zu dem Zeitpunkt waren keine Rechtsverst\u00f6\u00dfe ersichtlich. Der Anbieter hat keinerlei Einfluss auf die aktuelle und zuk\u00fcnftige Gestaltung und auf die Inhalte der verkn\u00fcpften Seiten. Das Setzen von externen Links bedeutet nicht, dass sich der Anbieter die hinter dem Verweis oder Link liegenden Inhalte zu Eigen macht. Eine st\u00e4ndige Kontrolle der externen Links ist f\u00fcr den Anbieter ohne konkrete Hinweise auf Rechtsverst\u00f6\u00dfe nicht zumutbar. Bei Kenntnis von Rechtsverst\u00f6\u00dfen werden jedoch derartige Links unverz\u00fcglich gel\u00f6scht.<\/p>\n\n\n\n<p><strong>Urheber- und Leistungsschutzrechte<\/strong><\/p>\n\n\n\n<p>Die auf dieser Website ver\u00f6ffentlichten Inhalte unterliegen dem deutschen Urheber- und Leistungsschutzrecht. Jede von deutschen Urheber- und Leistungsschutzrecht nicht zugelassene Verwertung bedarf der vorherigen schriftlichen Zustimmung des Anbieters oder jeweiligen Rechtsinhabers. Dies gilt insbesondere f\u00fcr Vervielf\u00e4ltigung, Bearbeitung, \u00dcbersetzung, Einspeicherung, Verarbeitung bzw. Wiedergabe von Inhalten in Datenbanken oder anderen elektronischen Medien oder Systemen. Inhalte und Rechte Dritter sind als solche gekennzeichnet.<\/p>\n\n\n\n<p>Die unerlaubte Vervielf\u00e4ltigung und Weitergabe einzelner Inhalte oder kompletter Seiten ist nicht gestattet und strafbar. Lediglich die Herstellung von Kopien und Downloads f\u00fcr den pers\u00f6nlichen, privaten und nicht kommerziellen Gebrauch ist erlaubt. Die Darstellung dieser Website in fremden Frames ist nur mit schriftlicher Erlaubnis zul\u00e4ssig.<\/p>\n\n\n\n<p>.<\/p>\n","protected":false},"excerpt":{"rendered":"<p>Crazy Elephant e.V. Stolzingstra\u00dfe 73 95445 Bayreuth Registergericht Bayreuth: Crazy Elephant e.V. Sitz Bayreuth, VR200522 Steuer-Nr. 208\/107\/40214 Bankverbindung: IBAN DE22 7735 0110 0038 0902 21 Email: crazy.elephant.ev@gmail.com Telefon: 0921-1503390 1. Vorsitzender Alexander K\u00fcfner 2. Vorsitzender Thomas H\u00fcbner Kassier Gernot Adelhardt Schriftf\u00fchrerin Alexandra Simon Haftungsbeschr\u00e4nkung Die Inhalte dieser Website werden mit gr\u00f6\u00dfter Sorgfalt erstellt. Der Anbieter [&hellip;]<\/p>\n","protected":false},"author":8,"featured_media":0,"parent":0,"menu_order":0,"comment_status":"closed","ping_status":"closed","template":"","meta":{"footnotes":""},"class_list":["post-173","page","type-page","status-publish","hentry"],"_links":{"self":[{"href":"https:\/\/www.crazy-elephant.org\/index.php\/wp-json\/wp\/v2\/pages\/173","targetHints":{"allow":["GET"]}}],"collection":[{"href":"https:\/\/www.crazy-elephant.org\/index.php\/wp-json\/wp\/v2\/pages"}],"about":[{"href":"https:\/\/www.crazy-elephant.org\/index.php\/wp-json\/wp\/v2\/types\/page"}],"author":[{"embeddable":true,"href":"https:\/\/www.crazy-elephant.org\/index.php\/wp-json\/wp\/v2\/users\/8"}],"replies":[{"embeddable":true,"href":"https:\/\/www.crazy-elephant.org\/index.php\/wp-json\/wp\/v2\/comments?post=173"}],"version-history":[{"count":8,"href":"https:\/\/www.crazy-elephant.org\/index.php\/wp-json\/wp\/v2\/pages\/173\/revisions"}],"predecessor-version":[{"id":521,"href":"https:\/\/www.crazy-elephant.org\/index.php\/wp-json\/wp\/v2\/pages\/173\/revisions\/521"}],"wp:attachment":[{"href":"https:\/\/www.crazy-elephant.org\/index.php\/wp-json\/wp\/v2\/media?parent=173"}],"curies":[{"name":"wp","href":"https:\/\/api.w.org\/{rel}","templated":true}]}}